{"id":2944,"date":"2015-02-02T04:30:36","date_gmt":"2015-02-02T04:30:36","guid":{"rendered":"https:\/\/fodorvkp.sk\/nase-sluzby\/"},"modified":"2021-08-31T19:56:02","modified_gmt":"2021-08-31T17:56:02","slug":"szolgaltatasaink","status":"publish","type":"page","link":"https:\/\/fodorvkp.sk\/hu\/szolgaltatasaink\/","title":{"rendered":"Szolg\u00e1ltat\u00e1saink"},"content":{"rendered":"<p>[vc_row rt_row_background_width=&#8221;default&#8221; rt_row_style=&#8221;default-style&#8221; rt_row_borders=&#8221;&#8221; rt_row_paddings=&#8221;true&#8221; rt_bg_effect=&#8221;classic&#8221; rt_bg_image_repeat=&#8221;repeat&#8221; rt_bg_size=&#8221;cover&#8221; rt_bg_position=&#8221;right top&#8221; rt_bg_attachment=&#8221;scroll&#8221; rt_bg_video_format=&#8221;self-hosted&#8221;][vc_column width=&#8221;1\/3&#8243; rt_wrp_col_paddings=&#8221;false&#8221; rt_border_top=&#8221;&#8221; rt_border_bottom=&#8221;&#8221; rt_border_left=&#8221;&#8221; rt_border_right=&#8221;&#8221; rt_border_top_mobile=&#8221;&#8221; rt_border_bottom_mobile=&#8221;&#8221; rt_border_left_mobile=&#8221;&#8221; rt_border_right_mobile=&#8221;&#8221; rt_bg_image_repeat=&#8221;repeat&#8221; rt_bg_size=&#8221;auto auto&#8221; rt_bg_position=&#8221;right top&#8221; rt_bg_attachment=&#8221;scroll&#8221;][vc_custom_heading text=&#8221;V\u00edzvezet\u00e9k-szerel\u00e9si munk\u00e1k&#8221; font_container=&#8221;tag:h2|font_size:24|text_align:center|color:%23ffffff&#8221; google_fonts=&#8221;font_family:Roboto%20Condensed%3A300%2C300italic%2Cregular%2Citalic%2C700%2C700italic|font_style:300%20light%20regular%3A300%3Anormal&#8221; css=&#8221;.vc_custom_1630432512628{padding-top: 10px !important;padding-bottom: 10px !important;background-color: #f6a100 !important;}&#8221;][vc_column_text]<\/p>\n<ul>\n<li>Bels\u0151, k\u00fcls\u0151 \u00e9s es\u0151vizes szennyv\u00edzelvezet\u00e9s<\/li>\n<li>V\u00edzvezet\u00e9krendszerek szerel\u00e9se<\/li>\n<li>T\u0171zv\u00e9delmi v\u00edz<\/li>\n<li>\u00d6nsz\u00edv\u00f3 szivatty\u00fa \u00e9s b\u00fav\u00e1rszivatty\u00fa szerel\u00e9se<\/li>\n<li>B\u00e1rmilyen v\u00edzszerel\u00e9si munka (fel\u00faj\u00edt\u00e1s, szerel\u00e9s, jav\u00edt\u00e1s)<\/li>\n<li>\u00d6nt\u00f6z\u0151rendszerek<\/li>\n<\/ul>\n<p>[\/vc_column_text][\/vc_column][vc_column width=&#8221;1\/3&#8243; rt_wrp_col_paddings=&#8221;false&#8221; rt_border_top=&#8221;&#8221; rt_border_bottom=&#8221;&#8221; rt_border_left=&#8221;&#8221; rt_border_right=&#8221;&#8221; rt_border_top_mobile=&#8221;&#8221; rt_border_bottom_mobile=&#8221;&#8221; rt_border_left_mobile=&#8221;&#8221; rt_border_right_mobile=&#8221;&#8221; rt_bg_image_repeat=&#8221;repeat&#8221; rt_bg_size=&#8221;auto auto&#8221; rt_bg_position=&#8221;right top&#8221; rt_bg_attachment=&#8221;scroll&#8221;][vc_custom_heading text=&#8221;F\u0171t\u00e9s&#8221; font_container=&#8221;tag:h2|font_size:24|text_align:center|color:%23ffffff&#8221; google_fonts=&#8221;font_family:Roboto%20Condensed%3A300%2C300italic%2Cregular%2Citalic%2C700%2C700italic|font_style:300%20light%20regular%3A300%3Anormal&#8221; css=&#8221;.vc_custom_1630432531561{padding-top: 10px !important;padding-bottom: 10px !important;background-color: #f6a100 !important;}&#8221;][vc_column_text]<\/p>\n<ul>\n<li>K\u00f6zponti f\u0171t\u00e9s (radi\u00e1torok)<\/li>\n<li>Padl\u00f3f\u0171t\u00e9s<\/li>\n<li>Mennyezeti \u00e9s fali f\u0171t\u00e9s<\/li>\n<li>Szol\u00e1ris rendszerek<\/li>\n<li>G\u00e1zkaz\u00e1nok szerel\u00e9se<\/li>\n<li>Szil\u00e1rdanyag-t\u00fczel\u00e9s\u0171 kaz\u00e1nok szerel\u00e9se<\/li>\n<\/ul>\n<p>[\/vc_column_text][\/vc_column][vc_column width=&#8221;1\/3&#8243; rt_wrp_col_paddings=&#8221;false&#8221; rt_border_top=&#8221;&#8221; rt_border_bottom=&#8221;&#8221; rt_border_left=&#8221;&#8221; rt_border_right=&#8221;&#8221; rt_border_top_mobile=&#8221;&#8221; rt_border_bottom_mobile=&#8221;&#8221; rt_border_left_mobile=&#8221;&#8221; rt_border_right_mobile=&#8221;&#8221; rt_bg_image_repeat=&#8221;repeat&#8221; rt_bg_size=&#8221;auto auto&#8221; rt_bg_position=&#8221;right top&#8221; rt_bg_attachment=&#8221;scroll&#8221;][vc_custom_heading text=&#8221;G\u00e1z&#8221; font_container=&#8221;tag:h2|font_size:24|text_align:center|color:%23ffffff&#8221; google_fonts=&#8221;font_family:Roboto%20Condensed%3A300%2C300italic%2Cregular%2Citalic%2C700%2C700italic|font_style:300%20light%20regular%3A300%3Anormal&#8221; css=&#8221;.vc_custom_1630432550403{padding-top: 10px !important;padding-bottom: 10px !important;background-color: #f6a100 !important;}&#8221;][vc_column_text]<\/p>\n<ul>\n<li>G\u00e1zszerel\u00e9s csal\u00e1di h\u00e1zakban<\/li>\n<\/ul>\n<p>[\/vc_column_text][\/vc_column][\/vc_row]<\/p>\n","protected":false},"excerpt":{"rendered":"<p>[vc_row rt_row_background_width=&#8221;default&#8221; rt_row_style=&#8221;default-style&#8221; rt_row_borders=&#8221;&#8221; rt_row_paddings=&#8221;true&#8221; rt_bg_effect=&#8221;classic&#8221; rt_bg_image_repeat=&#8221;repeat&#8221; rt_bg_size=&#8221;cover&#8221; rt_bg_position=&#8221;right top&#8221; rt_bg_attachment=&#8221;scroll&#8221; rt_bg_video_format=&#8221;self-hosted&#8221;][vc_column width=&#8221;1\/3&#8243; rt_wrp_col_paddings=&#8221;false&#8221; rt_border_top=&#8221;&#8221; rt_border_bottom=&#8221;&#8221; rt_border_left=&#8221;&#8221; rt_border_right=&#8221;&#8221; rt_border_top_mobile=&#8221;&#8221; rt_border_bottom_mobile=&#8221;&#8221; rt_border_left_mobile=&#8221;&#8221; rt_border_right_mobile=&#8221;&#8221; rt_bg_image_repeat=&#8221;repeat&#8221; rt_bg_size=&#8221;auto auto&#8221; rt_bg_position=&#8221;right top&#8221; rt_bg_attachment=&#8221;scroll&#8221;][vc_custom_heading text=&#8221;V\u00edzvezet\u00e9k-szerel\u00e9si munk\u00e1k&#8221; font_container=&#8221;tag:h2|font_size:24|text_align:center|color:%23ffffff&#8221; google_fonts=&#8221;font_family:Roboto%20Condensed%3A300%2C300italic%2Cregular%2Citalic%2C700%2C700italic|font_style:300%20light%20regular%3A300%3Anormal&#8221; css=&#8221;.vc_custom_1630432512628{padding-top: 10px !important;padding-bottom: 10px !important;background-color: #f6a100 !important;}&#8221;][vc_column_text] Bels\u0151, k\u00fcls\u0151 \u00e9s es\u0151vizes szennyv\u00edzelvezet\u00e9s V\u00edzvezet\u00e9krendszerek szerel\u00e9se T\u0171zv\u00e9delmi v\u00edz \u00d6nsz\u00edv\u00f3 szivatty\u00fa \u00e9s b\u00fav\u00e1rszivatty\u00fa szerel\u00e9se B\u00e1rmilyen v\u00edzszerel\u00e9si [&hellip;]<\/p>\n","protected":false},"author":1,"featured_media":0,"parent":0,"menu_order":0,"comment_status":"open","ping_status":"open","template":"","meta":{"footnotes":""},"class_list":["post-2944","page","type-page","status-publish","hentry"],"_links":{"self":[{"href":"https:\/\/fodorvkp.sk\/hu\/wp-json\/wp\/v2\/pages\/2944","targetHints":{"allow":["GET"]}}],"collection":[{"href":"https:\/\/fodorvkp.sk\/hu\/wp-json\/wp\/v2\/pages"}],"about":[{"href":"https:\/\/fodorvkp.sk\/hu\/wp-json\/wp\/v2\/types\/page"}],"author":[{"embeddable":true,"href":"https:\/\/fodorvkp.sk\/hu\/wp-json\/wp\/v2\/users\/1"}],"replies":[{"embeddable":true,"href":"https:\/\/fodorvkp.sk\/hu\/wp-json\/wp\/v2\/comments?post=2944"}],"version-history":[{"count":0,"href":"https:\/\/fodorvkp.sk\/hu\/wp-json\/wp\/v2\/pages\/2944\/revisions"}],"wp:attachment":[{"href":"https:\/\/fodorvkp.sk\/hu\/wp-json\/wp\/v2\/media?parent=2944"}],"curies":[{"name":"wp","href":"https:\/\/api.w.org\/{rel}","templated":true}]}}